{"id":1209,"date":"2024-08-19T05:43:11","date_gmt":"2024-08-19T05:43:11","guid":{"rendered":"https:\/\/cofibra.de.web08.webtohosting.dk\/?page_id=1209"},"modified":"2025-01-13T09:23:24","modified_gmt":"2025-01-13T09:23:24","slug":"dienstleistungen","status":"publish","type":"page","link":"https:\/\/cofibra.de\/en\/dienstleistungen\/","title":{"rendered":"Services"},"content":{"rendered":"<div data-elementor-type=\"wp-page\" data-elementor-id=\"1209\" class=\"elementor elementor-1209\" data-elementor-post-type=\"page\">\n\t\t\t\t\t\t<section class=\"elementor-section elementor-top-section elementor-element elementor-element-b3445ec elementor-section-full_width elementor-section-height-default elementor-section-height-default\" data-id=\"b3445ec\" data-element_type=\"section\" data-e-type=\"section\" data-settings=\"{&quot;background_background&quot;:&quot;classic&quot;}\">\n\t\t\t\t\t\t<div class=\"elementor-container elementor-column-gap-default\">\n\t\t\t\t\t<div class=\"elementor-column elementor-col-100 elementor-top-column elementor-element elementor-element-114c79c\" data-id=\"114c79c\" data-element_type=\"column\" data-e-type=\"column\">\n\t\t\t<div class=\"elementor-widget-wrap elementor-element-populated\">\n\t\t\t\t\t\t<section class=\"elementor-section elementor-inner-section elementor-element elementor-element-979ad86 elementor-reverse-tablet elementor-reverse-mobile elementor-section-boxed elementor-section-height-default elementor-section-height-default\" data-id=\"979ad86\" data-element_type=\"section\" data-e-type=\"section\">\n\t\t\t\t\t\t<div class=\"elementor-container elementor-column-gap-default\">\n\t\t\t\t\t<div class=\"elementor-column elementor-col-50 elementor-inner-column elementor-element elementor-element-a7b64e4\" data-id=\"a7b64e4\" data-element_type=\"column\" data-e-type=\"column\">\n\t\t\t<div class=\"elementor-widget-wrap elementor-element-populated\">\n\t\t\t\t\t\t<div class=\"elementor-element elementor-element-72a5c08 elementor-widget elementor-widget-heading\" data-id=\"72a5c08\" data-element_type=\"widget\" data-e-type=\"widget\" data-widget_type=\"heading.default\">\n\t\t\t\t<div class=\"elementor-widget-container\">\n\t\t\t\t\t<h1 class=\"elementor-heading-title elementor-size-default\">Services &amp; Support<\/h1>\t\t\t\t<\/div>\n\t\t\t\t<\/div>\n\t\t\t\t<div class=\"elementor-element elementor-element-b8e16ad elementor-widget-divider--view-line elementor-widget elementor-widget-divider\" data-id=\"b8e16ad\" data-element_type=\"widget\" data-e-type=\"widget\" data-widget_type=\"divider.default\">\n\t\t\t\t<div class=\"elementor-widget-container\">\n\t\t\t\t\t\t\t<div class=\"elementor-divider\">\n\t\t\t<span class=\"elementor-divider-separator\">\n\t\t\t\t\t\t<\/span>\n\t\t<\/div>\n\t\t\t\t\t\t<\/div>\n\t\t\t\t<\/div>\n\t\t\t\t<div class=\"elementor-element elementor-element-96b836b elementor-widget elementor-widget-text-editor\" data-id=\"96b836b\" data-element_type=\"widget\" data-e-type=\"widget\" data-widget_type=\"text-editor.default\">\n\t\t\t\t<div class=\"elementor-widget-container\">\n\t\t\t\t\t\t\t\t\t<p>Cofibra is your reliable partner for comprehensive network projects. We offer professional project management services as well as specialized solutions in the field of fiber optic rollouts and Docsis 3.1 installations.\u00a0<\/p><p>From coordination with subcontractors to the implementation of FTTH (<em>Fiber to the Home<\/em>) and FTTB (<em>Fiber to the Building<\/em>) projects, we support you with our strong expertise and solution-oriented approach.<\/p>\t\t\t\t\t\t\t\t<\/div>\n\t\t\t\t<\/div>\n\t\t\t\t<div class=\"elementor-element elementor-element-23b9a01 elementor-invisible elementor-widget elementor-widget-button\" data-id=\"23b9a01\" data-element_type=\"widget\" data-e-type=\"widget\" data-settings=\"{&quot;_animation&quot;:&quot;fadeIn&quot;}\" data-widget_type=\"button.default\">\n\t\t\t\t<div class=\"elementor-widget-container\">\n\t\t\t\t\t\t\t\t\t<div class=\"elementor-button-wrapper\">\n\t\t\t\t\t<a class=\"elementor-button elementor-button-link elementor-size-sm\" href=\"\/en\/kontakt\/\">\n\t\t\t\t\t\t<span class=\"elementor-button-content-wrapper\">\n\t\t\t\t\t\t\t\t\t<span class=\"elementor-button-text\">Contact us<\/span>\n\t\t\t\t\t<\/span>\n\t\t\t\t\t<\/a>\n\t\t\t\t<\/div>\n\t\t\t\t\t\t\t\t<\/div>\n\t\t\t\t<\/div>\n\t\t\t\t\t<\/div>\n\t\t<\/div>\n\t\t\t\t<div class=\"elementor-column elementor-col-50 elementor-inner-column elementor-element elementor-element-aa6d603\" data-id=\"aa6d603\" data-element_type=\"column\" data-e-type=\"column\">\n\t\t\t<div class=\"elementor-widget-wrap elementor-element-populated\">\n\t\t\t\t\t\t<div class=\"elementor-element elementor-element-f2f296f elementor-widget elementor-widget-image\" data-id=\"f2f296f\" data-element_type=\"widget\" data-e-type=\"widget\" data-widget_type=\"image.default\">\n\t\t\t\t<div class=\"elementor-widget-container\">\n\t\t\t\t\t\t\t\t\t\t\t\t\t\t\t<img fetchpriority=\"high\" decoding=\"async\" width=\"2560\" height=\"1708\" src=\"https:\/\/cofibra.de\/wp-content\/uploads\/2023\/02\/DSC1770-1-scaled.jpg\" class=\"attachment-full size-full wp-image-914\" alt=\"Cofibra Netzwerktechniker beraten Kunden vor Ort bei der Glasfaserinstallation\" srcset=\"https:\/\/cofibra.de\/wp-content\/uploads\/2023\/02\/DSC1770-1-scaled.jpg 2560w, https:\/\/cofibra.de\/wp-content\/uploads\/2023\/02\/DSC1770-1-300x200.jpg 300w, https:\/\/cofibra.de\/wp-content\/uploads\/2023\/02\/DSC1770-1-1024x683.jpg 1024w, https:\/\/cofibra.de\/wp-content\/uploads\/2023\/02\/DSC1770-1-768x512.jpg 768w, https:\/\/cofibra.de\/wp-content\/uploads\/2023\/02\/DSC1770-1-1536x1025.jpg 1536w, https:\/\/cofibra.de\/wp-content\/uploads\/2023\/02\/DSC1770-1-2048x1366.jpg 2048w\" sizes=\"(max-width: 2560px) 100vw, 2560px\" \/>\t\t\t\t\t\t\t\t\t\t\t\t\t\t\t<\/div>\n\t\t\t\t<\/div>\n\t\t\t\t\t<\/div>\n\t\t<\/div>\n\t\t\t\t\t<\/div>\n\t\t<\/section>\n\t\t\t\t\t<\/div>\n\t\t<\/div>\n\t\t\t\t\t<\/div>\n\t\t<\/section>\n\t\t\t\t<section class=\"elementor-section elementor-top-section elementor-element elementor-element-5d9530f elementor-section-full_width elementor-section-height-default elementor-section-height-default\" data-id=\"5d9530f\" data-element_type=\"section\" data-e-type=\"section\" data-settings=\"{&quot;background_background&quot;:&quot;classic&quot;}\">\n\t\t\t\t\t\t<div class=\"elementor-container elementor-column-gap-default\">\n\t\t\t\t\t<div class=\"elementor-column elementor-col-100 elementor-top-column elementor-element elementor-element-f26f017\" data-id=\"f26f017\" data-element_type=\"column\" data-e-type=\"column\">\n\t\t\t<div class=\"elementor-widget-wrap elementor-element-populated\">\n\t\t\t\t\t\t<section class=\"elementor-section elementor-inner-section elementor-element elementor-element-7cceb7a elementor-section-boxed elementor-section-height-default elementor-section-height-default\" data-id=\"7cceb7a\" data-element_type=\"section\" data-e-type=\"section\">\n\t\t\t\t\t\t<div class=\"elementor-container elementor-column-gap-default\">\n\t\t\t\t\t<div class=\"elementor-column elementor-col-50 elementor-inner-column elementor-element elementor-element-46e2539\" data-id=\"46e2539\" data-element_type=\"column\" data-e-type=\"column\">\n\t\t\t<div class=\"elementor-widget-wrap elementor-element-populated\">\n\t\t\t\t\t\t<div class=\"elementor-element elementor-element-4ba00ce elementor-cta--skin-cover elementor-cta--valign-bottom elementor-widget__width-initial elementor-bg-transform elementor-bg-transform-zoom-in elementor-widget elementor-widget-call-to-action\" data-id=\"4ba00ce\" data-element_type=\"widget\" data-e-type=\"widget\" data-widget_type=\"call-to-action.default\">\n\t\t\t\t<div class=\"elementor-widget-container\">\n\t\t\t\t\t\t\t<a class=\"elementor-cta\" href=\"https:\/\/cofibra.de\/en\/dienstleistungen\/privatpersonen\/\">\n\t\t\t\t\t<div class=\"elementor-cta__bg-wrapper\">\n\t\t\t\t<div class=\"elementor-cta__bg elementor-bg\" style=\"background-image: url(https:\/\/cofibra.de\/wp-content\/uploads\/2023\/02\/DSC0918-1-scaled.jpg);\" role=\"img\" aria-label=\"Three Cofibra network technicians on their way to a customer in a car\"><\/div>\n\t\t\t\t<div class=\"elementor-cta__bg-overlay\"><\/div>\n\t\t\t<\/div>\n\t\t\t\t\t\t\t<div class=\"elementor-cta__content\">\n\t\t\t\t\t\t\t\t\t<div class=\"elementor-content-item elementor-cta__content-item elementor-icon-wrapper elementor-cta__icon elementor-view-default\">\n\t\t\t\t\t\t<div class=\"elementor-icon\">\n\t\t\t\t\t\t\t\t\t\t\t\t\t<\/div>\n\t\t\t\t\t<\/div>\n\t\t\t\t\n\t\t\t\t\t\t\t\t\t<h3 class=\"elementor-cta__title elementor-cta__content-item elementor-content-item\">\n\t\t\t\t\t\tPrivate internet customers\t\t\t\t\t<\/h3>\n\t\t\t\t\n\t\t\t\t\t\t\t\t\t<div class=\"elementor-cta__description elementor-cta__content-item elementor-content-item\">\n\t\t\t\t\t\tHave you ordered a fiber optic connection? Cofibra brings fast internet to you on behalf of your internet provider. \t\t\t\t\t<\/div>\n\t\t\t\t\n\t\t\t\t\t\t\t<\/div>\n\t\t\t\t\t\t<\/a>\n\t\t\t\t\t\t<\/div>\n\t\t\t\t<\/div>\n\t\t\t\t\t<\/div>\n\t\t<\/div>\n\t\t\t\t<div class=\"elementor-column elementor-col-50 elementor-inner-column elementor-element elementor-element-c5467f9\" data-id=\"c5467f9\" data-element_type=\"column\" data-e-type=\"column\">\n\t\t\t<div class=\"elementor-widget-wrap elementor-element-populated\">\n\t\t\t\t\t\t<div class=\"elementor-element elementor-element-853f241 elementor-cta--skin-cover elementor-cta--valign-bottom elementor-widget__width-initial elementor-bg-transform elementor-bg-transform-zoom-in elementor-widget elementor-widget-call-to-action\" data-id=\"853f241\" data-element_type=\"widget\" data-e-type=\"widget\" data-widget_type=\"call-to-action.default\">\n\t\t\t\t<div class=\"elementor-widget-container\">\n\t\t\t\t\t\t\t<a class=\"elementor-cta\" href=\"https:\/\/cofibra.de\/en\/dienstleistungen\/unternehmen\/\">\n\t\t\t\t\t<div class=\"elementor-cta__bg-wrapper\">\n\t\t\t\t<div class=\"elementor-cta__bg elementor-bg\" style=\"background-image: url(https:\/\/cofibra.de\/wp-content\/uploads\/2023\/02\/DSC1118-1-scaled-e1723799598378.jpg);\" role=\"img\" aria-label=\"A Cofibra network service vehicle on the way to a customer\"><\/div>\n\t\t\t\t<div class=\"elementor-cta__bg-overlay\"><\/div>\n\t\t\t<\/div>\n\t\t\t\t\t\t\t<div class=\"elementor-cta__content\">\n\t\t\t\t\t\t\t\t\t<div class=\"elementor-content-item elementor-cta__content-item elementor-icon-wrapper elementor-cta__icon elementor-view-default\">\n\t\t\t\t\t\t<div class=\"elementor-icon\">\n\t\t\t\t\t\t\t\t\t\t\t\t\t<\/div>\n\t\t\t\t\t<\/div>\n\t\t\t\t\n\t\t\t\t\t\t\t\t\t<h3 class=\"elementor-cta__title elementor-cta__content-item elementor-content-item\">\n\t\t\t\t\t\tBusinesses\t\t\t\t\t<\/h3>\n\t\t\t\t\n\t\t\t\t\t\t\t\t\t<div class=\"elementor-cta__description elementor-cta__content-item elementor-content-item\">\n\t\t\t\t\t\tFibre optic rollouts and docsis 3.1 installations to the highest standards \t\t\t\t\t<\/div>\n\t\t\t\t\n\t\t\t\t\t\t\t<\/div>\n\t\t\t\t\t\t<\/a>\n\t\t\t\t\t\t<\/div>\n\t\t\t\t<\/div>\n\t\t\t\t\t<\/div>\n\t\t<\/div>\n\t\t\t\t\t<\/div>\n\t\t<\/section>\n\t\t\t\t<section class=\"elementor-section elementor-inner-section elementor-element elementor-element-be764ff elementor-section-boxed elementor-section-height-default elementor-section-height-default\" data-id=\"be764ff\" data-element_type=\"section\" data-e-type=\"section\">\n\t\t\t\t\t\t<div class=\"elementor-container elementor-column-gap-default\">\n\t\t\t\t\t<div class=\"elementor-column elementor-col-50 elementor-inner-column elementor-element elementor-element-c5cf83f\" data-id=\"c5cf83f\" data-element_type=\"column\" data-e-type=\"column\">\n\t\t\t<div class=\"elementor-widget-wrap elementor-element-populated\">\n\t\t\t\t\t\t<div class=\"elementor-element elementor-element-dcdf7b4 elementor-cta--skin-cover elementor-cta--valign-bottom elementor-widget__width-initial elementor-bg-transform elementor-bg-transform-zoom-in elementor-widget elementor-widget-call-to-action\" data-id=\"dcdf7b4\" data-element_type=\"widget\" data-e-type=\"widget\" data-widget_type=\"call-to-action.default\">\n\t\t\t\t<div class=\"elementor-widget-container\">\n\t\t\t\t\t\t\t<a class=\"elementor-cta\" href=\"https:\/\/cofibra.de\/en\/dienstleistungen\/kommunen\/\">\n\t\t\t\t\t<div class=\"elementor-cta__bg-wrapper\">\n\t\t\t\t<div class=\"elementor-cta__bg elementor-bg\" style=\"background-image: url(https:\/\/cofibra.de\/wp-content\/uploads\/2023\/02\/DSC1770-1-scaled.jpg);\" role=\"img\" aria-label=\"Cofibra network technicians advise customers on-site during fiber optic installation\"><\/div>\n\t\t\t\t<div class=\"elementor-cta__bg-overlay\"><\/div>\n\t\t\t<\/div>\n\t\t\t\t\t\t\t<div class=\"elementor-cta__content\">\n\t\t\t\t\t\t\t\t\t<div class=\"elementor-content-item elementor-cta__content-item elementor-icon-wrapper elementor-cta__icon elementor-view-default\">\n\t\t\t\t\t\t<div class=\"elementor-icon\">\n\t\t\t\t\t\t\t\t\t\t\t\t\t<\/div>\n\t\t\t\t\t<\/div>\n\t\t\t\t\n\t\t\t\t\t\t\t\t\t<h3 class=\"elementor-cta__title elementor-cta__content-item elementor-content-item\">\n\t\t\t\t\t\tMunicipalities\t\t\t\t\t<\/h3>\n\t\t\t\t\n\t\t\t\t\t\t\t\t\t<div class=\"elementor-cta__description elementor-cta__content-item elementor-content-item\">\n\t\t\t\t\t\tYour trusted partner for your local fiber optic expansion \u2013 from planning to implementation\t\t\t\t\t<\/div>\n\t\t\t\t\n\t\t\t\t\t\t\t<\/div>\n\t\t\t\t\t\t<\/a>\n\t\t\t\t\t\t<\/div>\n\t\t\t\t<\/div>\n\t\t\t\t\t<\/div>\n\t\t<\/div>\n\t\t\t\t<div class=\"elementor-column elementor-col-50 elementor-inner-column elementor-element elementor-element-a5f7277\" data-id=\"a5f7277\" data-element_type=\"column\" data-e-type=\"column\">\n\t\t\t<div class=\"elementor-widget-wrap elementor-element-populated\">\n\t\t\t\t\t\t<div class=\"elementor-element elementor-element-7efac5f elementor-cta--skin-cover elementor-cta--valign-bottom elementor-widget__width-initial elementor-bg-transform elementor-bg-transform-zoom-in elementor-widget elementor-widget-call-to-action\" data-id=\"7efac5f\" data-element_type=\"widget\" data-e-type=\"widget\" data-widget_type=\"call-to-action.default\">\n\t\t\t\t<div class=\"elementor-widget-container\">\n\t\t\t\t\t\t\t<a class=\"elementor-cta\" href=\"https:\/\/cofibra.de\/en\/kontakt\/\">\n\t\t\t\t\t<div class=\"elementor-cta__bg-wrapper\">\n\t\t\t\t<div class=\"elementor-cta__bg elementor-bg\" style=\"background-image: url(https:\/\/cofibra.de\/wp-content\/uploads\/2023\/02\/DSC0918-1-scaled.jpg);\" role=\"img\" aria-label=\"Three Cofibra network technicians on their way to a customer in a car\"><\/div>\n\t\t\t\t<div class=\"elementor-cta__bg-overlay\"><\/div>\n\t\t\t<\/div>\n\t\t\t\t\t\t\t<div class=\"elementor-cta__content\">\n\t\t\t\t\t\t\t\t\t<div class=\"elementor-content-item elementor-cta__content-item elementor-icon-wrapper elementor-cta__icon elementor-view-default\">\n\t\t\t\t\t\t<div class=\"elementor-icon\">\n\t\t\t\t\t\t\t\t\t\t\t\t\t<\/div>\n\t\t\t\t\t<\/div>\n\t\t\t\t\n\t\t\t\t\t\t\t\t\t<h3 class=\"elementor-cta__title elementor-cta__content-item elementor-content-item\">\n\t\t\t\t\t\tContact us\t\t\t\t\t<\/h3>\n\t\t\t\t\n\t\t\t\t\t\t\t\t\t<div class=\"elementor-cta__description elementor-cta__content-item elementor-content-item\">\n\t\t\t\t\t\tWe are here for you. Contact us!\t\t\t\t\t<\/div>\n\t\t\t\t\n\t\t\t\t\t\t\t<\/div>\n\t\t\t\t\t\t<\/a>\n\t\t\t\t\t\t<\/div>\n\t\t\t\t<\/div>\n\t\t\t\t\t<\/div>\n\t\t<\/div>\n\t\t\t\t\t<\/div>\n\t\t<\/section>\n\t\t\t\t\t<\/div>\n\t\t<\/div>\n\t\t\t\t\t<\/div>\n\t\t<\/section>\n\t\t\t\t<\/div>","protected":false},"excerpt":{"rendered":"<p>Dienstleistungen &amp; Service Cofibra ist Ihr zuverl\u00e4ssiger Partner f\u00fcr umfassende Netzwerkprojekte. Wir bieten professionelle Dienstleistungen in der Projektleitung sowie spezialisierte L\u00f6sungen im Bereich Glasfaser-Rollouts und Docsis 3.1 Installationen an.\u00a0 Von der Koordinierung mit Unterlieferanten bis zur Realisierung von FTTH (Fiber to the Home) und FTTB (Fiber to the Building) Projekten stehen wir Ihnen mit unserer [&hellip;]<\/p>\n","protected":false},"author":1,"featured_media":914,"parent":0,"menu_order":0,"comment_status":"closed","ping_status":"closed","template":"","meta":{"_acf_changed":false,"iawp_total_views":794,"footnotes":""},"class_list":["post-1209","page","type-page","status-publish","has-post-thumbnail","hentry"],"acf":[],"yoast_head":"<!-- This site is optimized with the Yoast SEO plugin v27.5 - https:\/\/yoast.com\/product\/yoast-seo-wordpress\/ -->\n<title>Dienstleistungen f\u00fcr Glasfaser-Rollouts - Cofibra<\/title>\n<meta name=\"description\" content=\"Cofibra bietet: Professionelle Projektleitung und spezialisierte L\u00f6sungen im Bereich Glasfaser-Rollouts und Docsis 3.1 Installationen.\" \/>\n<meta name=\"robots\" content=\"index, follow, max-snippet:-1, max-image-preview:large, max-video-preview:-1\" \/>\n<link rel=\"canonical\" href=\"https:\/\/cofibra.de\/en\/dienstleistungen\/\" \/>\n<meta property=\"og:locale\" content=\"en_GB\" \/>\n<meta property=\"og:type\" content=\"article\" \/>\n<meta property=\"og:title\" content=\"Dienstleistungen f\u00fcr Glasfaser-Rollouts - Cofibra\" \/>\n<meta property=\"og:description\" content=\"Cofibra bietet: Professionelle Projektleitung und spezialisierte L\u00f6sungen im Bereich Glasfaser-Rollouts und Docsis 3.1 Installationen.\" \/>\n<meta property=\"og:url\" content=\"https:\/\/cofibra.de\/en\/dienstleistungen\/\" \/>\n<meta property=\"og:site_name\" content=\"Cofibra\" \/>\n<meta property=\"article:modified_time\" content=\"2025-01-13T09:23:24+00:00\" \/>\n<meta property=\"og:image\" content=\"https:\/\/cofibra.de\/wp-content\/uploads\/2023\/02\/DSC1770-1-scaled.jpg\" \/>\n\t<meta property=\"og:image:width\" content=\"2560\" \/>\n\t<meta property=\"og:image:height\" content=\"1708\" \/>\n\t<meta property=\"og:image:type\" content=\"image\/jpeg\" \/>\n<meta name=\"twitter:card\" content=\"summary_large_image\" \/>\n<meta name=\"twitter:label1\" content=\"Estimated reading time\" \/>\n\t<meta name=\"twitter:data1\" content=\"1 minute\" \/>\n<script type=\"application\/ld+json\" class=\"yoast-schema-graph\">{\"@context\":\"https:\\\/\\\/schema.org\",\"@graph\":[{\"@type\":\"WebPage\",\"@id\":\"https:\\\/\\\/cofibra.de\\\/dienstleistungen\\\/\",\"url\":\"https:\\\/\\\/cofibra.de\\\/dienstleistungen\\\/\",\"name\":\"Dienstleistungen f\u00fcr Glasfaser-Rollouts - Cofibra\",\"isPartOf\":{\"@id\":\"https:\\\/\\\/cofibra.de\\\/#website\"},\"primaryImageOfPage\":{\"@id\":\"https:\\\/\\\/cofibra.de\\\/dienstleistungen\\\/#primaryimage\"},\"image\":{\"@id\":\"https:\\\/\\\/cofibra.de\\\/dienstleistungen\\\/#primaryimage\"},\"thumbnailUrl\":\"https:\\\/\\\/cofibra.de\\\/wp-content\\\/uploads\\\/2023\\\/02\\\/DSC1770-1-scaled.jpg\",\"datePublished\":\"2024-08-19T05:43:11+00:00\",\"dateModified\":\"2025-01-13T09:23:24+00:00\",\"description\":\"Cofibra bietet: Professionelle Projektleitung und spezialisierte L\u00f6sungen im Bereich Glasfaser-Rollouts und Docsis 3.1 Installationen.\",\"breadcrumb\":{\"@id\":\"https:\\\/\\\/cofibra.de\\\/dienstleistungen\\\/#breadcrumb\"},\"inLanguage\":\"en-GB\",\"potentialAction\":[{\"@type\":\"ReadAction\",\"target\":[\"https:\\\/\\\/cofibra.de\\\/dienstleistungen\\\/\"]}]},{\"@type\":\"ImageObject\",\"inLanguage\":\"en-GB\",\"@id\":\"https:\\\/\\\/cofibra.de\\\/dienstleistungen\\\/#primaryimage\",\"url\":\"https:\\\/\\\/cofibra.de\\\/wp-content\\\/uploads\\\/2023\\\/02\\\/DSC1770-1-scaled.jpg\",\"contentUrl\":\"https:\\\/\\\/cofibra.de\\\/wp-content\\\/uploads\\\/2023\\\/02\\\/DSC1770-1-scaled.jpg\",\"width\":2560,\"height\":1708,\"caption\":\"Cofibra Netzwerktechniker beraten Kunden vor Ort bei der Glasfaserinstallation\"},{\"@type\":\"BreadcrumbList\",\"@id\":\"https:\\\/\\\/cofibra.de\\\/dienstleistungen\\\/#breadcrumb\",\"itemListElement\":[{\"@type\":\"ListItem\",\"position\":1,\"name\":\"Hjem\",\"item\":\"https:\\\/\\\/cofibra.de\\\/\"},{\"@type\":\"ListItem\",\"position\":2,\"name\":\"Dienstleistungen\"}]},{\"@type\":\"WebSite\",\"@id\":\"https:\\\/\\\/cofibra.de\\\/#website\",\"url\":\"https:\\\/\\\/cofibra.de\\\/\",\"name\":\"Cofibra\",\"description\":\"Glasfaser- und docsis installationen\",\"publisher\":{\"@id\":\"https:\\\/\\\/cofibra.de\\\/#organization\"},\"potentialAction\":[{\"@type\":\"SearchAction\",\"target\":{\"@type\":\"EntryPoint\",\"urlTemplate\":\"https:\\\/\\\/cofibra.de\\\/?s={search_term_string}\"},\"query-input\":{\"@type\":\"PropertyValueSpecification\",\"valueRequired\":true,\"valueName\":\"search_term_string\"}}],\"inLanguage\":\"en-GB\"},{\"@type\":\"Organization\",\"@id\":\"https:\\\/\\\/cofibra.de\\\/#organization\",\"name\":\"Cofibra\",\"url\":\"https:\\\/\\\/cofibra.de\\\/\",\"logo\":{\"@type\":\"ImageObject\",\"inLanguage\":\"en-GB\",\"@id\":\"https:\\\/\\\/cofibra.de\\\/#\\\/schema\\\/logo\\\/image\\\/\",\"url\":\"https:\\\/\\\/cofibra.de\\\/wp-content\\\/uploads\\\/2023\\\/02\\\/COFIBRA_LOGO_no_payoff-e1723712108714.png\",\"contentUrl\":\"https:\\\/\\\/cofibra.de\\\/wp-content\\\/uploads\\\/2023\\\/02\\\/COFIBRA_LOGO_no_payoff-e1723712108714.png\",\"width\":2299,\"height\":401,\"caption\":\"Cofibra\"},\"image\":{\"@id\":\"https:\\\/\\\/cofibra.de\\\/#\\\/schema\\\/logo\\\/image\\\/\"},\"sameAs\":[\"https:\\\/\\\/www.linkedin.com\\\/company\\\/cofibra-gmbh\\\/\",\"https:\\\/\\\/www.xing.com\\\/pages\\\/cofibra\"]}]}<\/script>\n<!-- \/ Yoast SEO plugin. -->","yoast_head_json":{"title":"Services for fiber optic rollouts - Cofibra","description":"Cofibra offers: Professional project management and specialized solutions in the field of fiber optic rollouts and Docsis 3.1 installations.","robots":{"index":"index","follow":"follow","max-snippet":"max-snippet:-1","max-image-preview":"max-image-preview:large","max-video-preview":"max-video-preview:-1"},"canonical":"https:\/\/cofibra.de\/en\/dienstleistungen\/","og_locale":"en_GB","og_type":"article","og_title":"Dienstleistungen f\u00fcr Glasfaser-Rollouts - Cofibra","og_description":"Cofibra bietet: Professionelle Projektleitung und spezialisierte L\u00f6sungen im Bereich Glasfaser-Rollouts und Docsis 3.1 Installationen.","og_url":"https:\/\/cofibra.de\/en\/dienstleistungen\/","og_site_name":"Cofibra","article_modified_time":"2025-01-13T09:23:24+00:00","og_image":[{"width":2560,"height":1708,"url":"https:\/\/cofibra.de\/wp-content\/uploads\/2023\/02\/DSC1770-1-scaled.jpg","type":"image\/jpeg"}],"twitter_card":"summary_large_image","twitter_misc":{"Estimated reading time":"1 minute"},"schema":{"@context":"https:\/\/schema.org","@graph":[{"@type":"WebPage","@id":"https:\/\/cofibra.de\/dienstleistungen\/","url":"https:\/\/cofibra.de\/dienstleistungen\/","name":"Services for fiber optic rollouts - Cofibra","isPartOf":{"@id":"https:\/\/cofibra.de\/#website"},"primaryImageOfPage":{"@id":"https:\/\/cofibra.de\/dienstleistungen\/#primaryimage"},"image":{"@id":"https:\/\/cofibra.de\/dienstleistungen\/#primaryimage"},"thumbnailUrl":"https:\/\/cofibra.de\/wp-content\/uploads\/2023\/02\/DSC1770-1-scaled.jpg","datePublished":"2024-08-19T05:43:11+00:00","dateModified":"2025-01-13T09:23:24+00:00","description":"Cofibra offers: Professional project management and specialized solutions in the field of fiber optic rollouts and Docsis 3.1 installations.","breadcrumb":{"@id":"https:\/\/cofibra.de\/dienstleistungen\/#breadcrumb"},"inLanguage":"en-GB","potentialAction":[{"@type":"ReadAction","target":["https:\/\/cofibra.de\/dienstleistungen\/"]}]},{"@type":"ImageObject","inLanguage":"en-GB","@id":"https:\/\/cofibra.de\/dienstleistungen\/#primaryimage","url":"https:\/\/cofibra.de\/wp-content\/uploads\/2023\/02\/DSC1770-1-scaled.jpg","contentUrl":"https:\/\/cofibra.de\/wp-content\/uploads\/2023\/02\/DSC1770-1-scaled.jpg","width":2560,"height":1708,"caption":"Cofibra Netzwerktechniker beraten Kunden vor Ort bei der Glasfaserinstallation"},{"@type":"BreadcrumbList","@id":"https:\/\/cofibra.de\/dienstleistungen\/#breadcrumb","itemListElement":[{"@type":"ListItem","position":1,"name":"Hjem","item":"https:\/\/cofibra.de\/"},{"@type":"ListItem","position":2,"name":"Dienstleistungen"}]},{"@type":"WebSite","@id":"https:\/\/cofibra.de\/#website","url":"https:\/\/cofibra.de\/","name":"Cofibra","description":"Fiber optic and DOCSIS installations","publisher":{"@id":"https:\/\/cofibra.de\/#organization"},"potentialAction":[{"@type":"SearchAction","target":{"@type":"EntryPoint","urlTemplate":"https:\/\/cofibra.de\/?s={search_term_string}"},"query-input":{"@type":"PropertyValueSpecification","valueRequired":true,"valueName":"search_term_string"}}],"inLanguage":"en-GB"},{"@type":"Organization","@id":"https:\/\/cofibra.de\/#organization","name":"Cofibra","url":"https:\/\/cofibra.de\/","logo":{"@type":"ImageObject","inLanguage":"en-GB","@id":"https:\/\/cofibra.de\/#\/schema\/logo\/image\/","url":"https:\/\/cofibra.de\/wp-content\/uploads\/2023\/02\/COFIBRA_LOGO_no_payoff-e1723712108714.png","contentUrl":"https:\/\/cofibra.de\/wp-content\/uploads\/2023\/02\/COFIBRA_LOGO_no_payoff-e1723712108714.png","width":2299,"height":401,"caption":"Cofibra"},"image":{"@id":"https:\/\/cofibra.de\/#\/schema\/logo\/image\/"},"sameAs":["https:\/\/www.linkedin.com\/company\/cofibra-gmbh\/","https:\/\/www.xing.com\/pages\/cofibra"]}]}},"_links":{"self":[{"href":"https:\/\/cofibra.de\/en\/wp-json\/wp\/v2\/pages\/1209","targetHints":{"allow":["GET"]}}],"collection":[{"href":"https:\/\/cofibra.de\/en\/wp-json\/wp\/v2\/pages"}],"about":[{"href":"https:\/\/cofibra.de\/en\/wp-json\/wp\/v2\/types\/page"}],"author":[{"embeddable":true,"href":"https:\/\/cofibra.de\/en\/wp-json\/wp\/v2\/users\/1"}],"replies":[{"embeddable":true,"href":"https:\/\/cofibra.de\/en\/wp-json\/wp\/v2\/comments?post=1209"}],"version-history":[{"count":34,"href":"https:\/\/cofibra.de\/en\/wp-json\/wp\/v2\/pages\/1209\/revisions"}],"predecessor-version":[{"id":1781,"href":"https:\/\/cofibra.de\/en\/wp-json\/wp\/v2\/pages\/1209\/revisions\/1781"}],"wp:featuredmedia":[{"embeddable":true,"href":"https:\/\/cofibra.de\/en\/wp-json\/wp\/v2\/media\/914"}],"wp:attachment":[{"href":"https:\/\/cofibra.de\/en\/wp-json\/wp\/v2\/media?parent=1209"}],"curies":[{"name":"wp","href":"https:\/\/api.w.org\/{rel}","templated":true}]}}